{"id":20560,"date":"2025-07-24T10:49:29","date_gmt":"2025-07-24T10:49:29","guid":{"rendered":"https:\/\/mivirgin.co\/?post_type=product&#038;p=20560"},"modified":"2025-09-06T17:48:37","modified_gmt":"2025-09-06T22:48:37","slug":"cubot-kingkong-power-3-12gb-12gb-24gb-256gb-dual-sim-duo","status":"publish","type":"product","link":"https:\/\/mivirgin.co\/index.php\/producto\/cubot-kingkong-power-3-12gb-12gb-24gb-256gb-dual-sim-duo\/","title":{"rendered":"Cubot Kingkong Power 3 12gb + 12gb = 24gb 256gb Dual Sim Duo"},"content":{"rendered":"<p>CPU: MT8781 octa core(6nm 2* A76 2.2GHz+6*A55 2.0GHz)<br \/>\nSO: Android 14<br \/>\nMemoria: 6GB+10GB (RAM extendida) + 256 GB ROM; 12GB+12GB<br \/>\n(RAM extendida) + 256 GB ROM<br \/>\nTarjeta: Doble tarjeta Nano SIM &amp; 1 tarjeta Nano SIM y 1 tarjeta TF<br \/>\nBater\u00eda: 10200mAh<br \/>\nPantalla: Pantalla FHD+ (1080*2400) de 6.72 pulgadas, pantalla de<br \/>\ngota de agua, 120Hz<br \/>\nC\u00e1mara: C\u00e1mara frontal 32M_FF, C\u00e1mara trasera 100M_DAF + 5M AF<br \/>\nMacro distancia + sensor de 0.3M<br \/>\nBandas: FDD_1\/2\/3\/4\/5\/7\/8\/12\/13\/17\/18\/19\/20\/28A+B\/66<br \/>\nTDD_38\/40\/41<br \/>\nOtros:(GPS+GLONASS+Galileo+BEIDOU)\/wifi(2.4G+5G)\/Bluetooth<br \/>\n5.2\/(Proximidad, Aceler\u00f3metro, Magn\u00e9tico, giroscopio,NFC, OTG,<br \/>\nSENSOR 3D)\/Esc\u00e1ner de huellas dactilares lateral<br \/>\nColor: Negro<\/p>\n","protected":false},"excerpt":{"rendered":"<p>CPU: MT8781 octa core(6nm 2* A76 2.2GHz+6*A55 2.0GHz) SO: Android 14 Memoria: 6GB+10GB (RAM extendida) + 256 GB ROM; 12GB+12GB<\/p>\n","protected":false},"featured_media":20561,"comment_status":"closed","ping_status":"closed","template":"","meta":[],"product_brand":[99],"product_cat":[124],"product_tag":[150],"class_list":{"0":"post-20560","1":"product","2":"type-product","3":"status-publish","4":"has-post-thumbnail","6":"product_brand-celulares-cubot","7":"product_cat-celulares","8":"product_tag-celulares-cubot","10":"first","11":"instock","12":"sale","13":"shipping-taxable","14":"purchasable","15":"product-type-simple"},"jetpack_sharing_enabled":true,"_links":{"self":[{"href":"https:\/\/mivirgin.co\/index.php\/wp-json\/wp\/v2\/product\/20560","targetHints":{"allow":["GET"]}}],"collection":[{"href":"https:\/\/mivirgin.co\/index.php\/wp-json\/wp\/v2\/product"}],"about":[{"href":"https:\/\/mivirgin.co\/index.php\/wp-json\/wp\/v2\/types\/product"}],"replies":[{"embeddable":true,"href":"https:\/\/mivirgin.co\/index.php\/wp-json\/wp\/v2\/comments?post=20560"}],"version-history":[{"count":0,"href":"https:\/\/mivirgin.co\/index.php\/wp-json\/wp\/v2\/product\/20560\/revisions"}],"wp:featuredmedia":[{"embeddable":true,"href":"https:\/\/mivirgin.co\/index.php\/wp-json\/wp\/v2\/media\/20561"}],"wp:attachment":[{"href":"https:\/\/mivirgin.co\/index.php\/wp-json\/wp\/v2\/media?parent=20560"}],"wp:term":[{"taxonomy":"product_brand","embeddable":true,"href":"https:\/\/mivirgin.co\/index.php\/wp-json\/wp\/v2\/product_brand?post=20560"},{"taxonomy":"product_cat","embeddable":true,"href":"https:\/\/mivirgin.co\/index.php\/wp-json\/wp\/v2\/product_cat?post=20560"},{"taxonomy":"product_tag","embeddable":true,"href":"https:\/\/mivirgin.co\/index.php\/wp-json\/wp\/v2\/product_tag?post=20560"}],"curies":[{"name":"wp","href":"https:\/\/api.w.org\/{rel}","templated":true}]}}